{"id":71,"date":"2015-02-11T12:01:14","date_gmt":"2015-02-11T12:01:14","guid":{"rendered":"http:\/\/www.terramaris.fr\/paysage\/?page_id=71"},"modified":"2016-01-28T17:52:09","modified_gmt":"2016-01-28T17:52:09","slug":"celine-le-tixerant","status":"publish","type":"page","link":"https:\/\/www.terramaris.fr\/paysage\/celine-le-tixerant\/","title":{"rendered":"C\u00e9line Le Tixerant"},"content":{"rendered":"<div id='gallery-1' class='gallery galleryid-71 gallery-columns-1 gallery-size-medium'><figure class='gallery-item'>\n\t\t\t<div class='gallery-icon landscape'>\n\t\t\t\t<a href='https:\/\/www.terramaris.fr\/paysage\/metier-paysagiste\/tmp-celine-le-tixerant3\/'><img loading=\"lazy\" decoding=\"async\" width=\"300\" height=\"166\" src=\"https:\/\/www.terramaris.fr\/paysage\/wp-content\/uploads\/2015\/02\/TMP-celine-le-tixerant3-300x166.jpg\" class=\"attachment-medium size-medium\" alt=\"\" srcset=\"https:\/\/www.terramaris.fr\/paysage\/wp-content\/uploads\/2015\/02\/TMP-celine-le-tixerant3-300x166.jpg 300w, https:\/\/www.terramaris.fr\/paysage\/wp-content\/uploads\/2015\/02\/TMP-celine-le-tixerant3.jpg 672w\" sizes=\"auto, (max-width: 300px) 100vw, 300px\" \/><\/a>\n\t\t\t<\/div><\/figure>\n\t\t<\/div>\n\n<p><strong><span style=\"font-size: 16px;\">Architecte Paysagiste DPLG<\/span><\/strong><\/p>\n<blockquote><p><span style=\"font-size: 16px;\">Dipl\u00f4m\u00e9e de l\u2019\u00e9cole du Paysage de Versailles en 1999, C\u00e9line Le Tixerant souhaite d\u00e8s le d\u00e9part d\u00e9couvrir son m\u00e9tier de mani\u00e8re multiple.<\/span><\/p><\/blockquote>\n<h4><span style=\"font-size: 16px;\">Exp\u00e9riences<\/span><\/h4>\n<p><span style=\"font-size: 16px;\">Une premi\u00e8re exp\u00e9rience au Maroc au sein de l\u2019entreprise Atelier Vert lui donne l\u2019occasion d\u2019intervenir aussi bien au niveau des \u00e9tudes que dans la r\u00e9alisation de grands parcs privatifs.<\/span><\/p>\n<blockquote><p><span style=\"font-size: 16px;\">Puis elle s\u2019engage \u00e0 sont compte en association avec Axel Equilbey, architecte paysagiste d.p.l.g. Les commandes se sont traduites par une diversit\u00e9 de domaines d\u2019interventions\u00a0: unit\u00e9s touristiques, parcs publics, extensions urbaines, recherches et r\u00e9flexions pour l\u2019am\u00e9lioration des quartiers d\u00e9favoris\u00e9s.<\/span><\/p><\/blockquote>\n<h4><span style=\"font-size: 16px;\">Exp\u00e9rience au sein d\u2019une collectivit\u00e9 locale en France<\/span><\/h4>\n<p><span style=\"font-size: 16px;\">En 2006, \u00e0 sont retour du Maroc, elle travaille au Conseil G\u00e9n\u00e9ral des C\u00f4tes d\u2019Armor en tant que responsable du Service Etude Paysag\u00e8re, o\u00f9 elle intervient en tant que ma\u00eetrise d\u2019ouvrage au sein de la Direction G\u00e9n\u00e9rale de l\u2019Am\u00e9nagement.<\/span><\/p>\n<h4><span style=\"font-size: 16px;\">Architecte paysagiste dplg<\/span><\/h4>\n<p><span style=\"font-size: 16px;\">Depuis 2007 install\u00e9e \u00e0 Rennes, elle d\u00e9veloppe son activit\u00e9 de paysagiste ind\u00e9pendante dans la r\u00e9gion en traversant des contextes de travail diversifi\u00e9s\u00a0: Chaumont sur Loire en 2008, r\u00e9alisation du jardin Ernest Renan \u00e0 Tr\u00e9guier, \u00e9tude sur des sites urbains et sur des paysages class\u00e9s ou inscrit. <\/span><\/p>\n<blockquote><p><span style=\"font-size: 16px;\">Depuis 2014, proche du terrain, alliant aussi bien une exp\u00e9rience <\/span><br \/>\n<span style=\"font-size: 16px;\">de r\u00e9alisation de travaux que de bureau d\u2019\u00e9tude de conception, et consciente de l\u2019interd\u00e9pendance entre les diff\u00e9rents acteurs de l\u2019am\u00e9nagement du territoire, elle se rapproche du bureau d\u2019\u00e9tude Terra Maris. En effet, la compl\u00e9mentarit\u00e9 \u00e9vidente entre l\u2019\u00e9tude g\u00e9ographique du territoire et la vision prospective d\u2019un paysage ouvre le champ vers de nouvelles investigations.<\/span><\/p><\/blockquote>\n","protected":false},"excerpt":{"rendered":"<p>Architecte Paysagiste DPLG Dipl\u00f4m\u00e9e de l\u2019\u00e9cole du Paysage de Versailles en 1999, C\u00e9line Le Tixerant souhaite d\u00e8s le d\u00e9part d\u00e9couvrir son m\u00e9tier de mani\u00e8re multiple. Exp\u00e9riences Une premi\u00e8re exp\u00e9rience au Maroc au sein de l\u2019entreprise Atelier Vert lui donne l\u2019occasion d\u2019intervenir aussi bien au niveau des \u00e9tudes que dans la r\u00e9alisation de grands parcs privatifs. &hellip; <a href=\"https:\/\/www.terramaris.fr\/paysage\/celine-le-tixerant\/\" class=\"more-link\">Continuer la lecture de <span class=\"screen-reader-text\">C\u00e9line Le Tixerant<\/span>  <span class=\"meta-nav\">&rarr;<\/span><\/a><\/p>\n","protected":false},"author":1,"featured_media":280,"parent":0,"menu_order":0,"comment_status":"closed","ping_status":"closed","template":"","meta":{"footnotes":""},"class_list":["post-71","page","type-page","status-publish","has-post-thumbnail","hentry"],"_links":{"self":[{"href":"https:\/\/www.terramaris.fr\/paysage\/wp-json\/wp\/v2\/pages\/71","targetHints":{"allow":["GET"]}}],"collection":[{"href":"https:\/\/www.terramaris.fr\/paysage\/wp-json\/wp\/v2\/pages"}],"about":[{"href":"https:\/\/www.terramaris.fr\/paysage\/wp-json\/wp\/v2\/types\/page"}],"author":[{"embeddable":true,"href":"https:\/\/www.terramaris.fr\/paysage\/wp-json\/wp\/v2\/users\/1"}],"replies":[{"embeddable":true,"href":"https:\/\/www.terramaris.fr\/paysage\/wp-json\/wp\/v2\/comments?post=71"}],"version-history":[{"count":6,"href":"https:\/\/www.terramaris.fr\/paysage\/wp-json\/wp\/v2\/pages\/71\/revisions"}],"predecessor-version":[{"id":445,"href":"https:\/\/www.terramaris.fr\/paysage\/wp-json\/wp\/v2\/pages\/71\/revisions\/445"}],"wp:featuredmedia":[{"embeddable":true,"href":"https:\/\/www.terramaris.fr\/paysage\/wp-json\/wp\/v2\/media\/280"}],"wp:attachment":[{"href":"https:\/\/www.terramaris.fr\/paysage\/wp-json\/wp\/v2\/media?parent=71"}],"curies":[{"name":"wp","href":"https:\/\/api.w.org\/{rel}","templated":true}]}}