{"id":346,"date":"2015-02-25T18:12:44","date_gmt":"2015-02-25T18:12:44","guid":{"rendered":"http:\/\/www.terramaris.fr\/paysage\/?page_id=346"},"modified":"2015-02-25T21:59:23","modified_gmt":"2015-02-25T21:59:23","slug":"en-images","status":"publish","type":"page","link":"https:\/\/www.terramaris.fr\/paysage\/","title":{"rendered":"En Images"},"content":{"rendered":"<div id='gallery-1' class='gallery galleryid-346 gallery-columns-4 gallery-size-thumbnail'><figure class='gallery-item'>\n\t\t\t<div class='gallery-icon landscape'>\n\t\t\t\t<a href='https:\/\/www.terramaris.fr\/paysage\/terramaris-paysage-ernest-renan-au-dela-du-mur-1024x302\/'><img loading=\"lazy\" decoding=\"async\" width=\"150\" height=\"150\" src=\"https:\/\/www.terramaris.fr\/paysage\/wp-content\/uploads\/2015\/02\/terramaris-paysage-Ernest-Renan-au-dela-du-mur-1024x302-150x150.jpg\" class=\"attachment-thumbnail size-thumbnail\" alt=\"Jardin Ernest Renan, vue au del\u00e0 du murs sur la vall\u00e9e.\" aria-describedby=\"gallery-1-186\" \/><\/a>\n\t\t\t<\/div>\n\t\t\t\t<figcaption class='wp-caption-text gallery-caption' id='gallery-1-186'>\n\t\t\t\tJardin Ernest Renan, vue au del\u00e0 du murs sur la vall\u00e9e.\n\t\t\t\t<\/figcaption><\/figure><figure class='gallery-item'>\n\t\t\t<div class='gallery-icon landscape'>\n\t\t\t\t<a href='https:\/\/www.terramaris.fr\/paysage\/terramaris-paysage-ernest-renan-fond-du-jardin-1024x302\/'><img loading=\"lazy\" decoding=\"async\" width=\"150\" height=\"150\" src=\"https:\/\/www.terramaris.fr\/paysage\/wp-content\/uploads\/2015\/02\/terramaris-paysage-Ernest-Renan-fond-du-jardin-1024x302-150x150.jpg\" class=\"attachment-thumbnail size-thumbnail\" alt=\"Jardin Ernest Renan, un filtre d\u2019Iris au c\u0153ur du Jardin.\" aria-describedby=\"gallery-1-192\" \/><\/a>\n\t\t\t<\/div>\n\t\t\t\t<figcaption class='wp-caption-text gallery-caption' id='gallery-1-192'>\n\t\t\t\tJardin Ernest Renan, un filtre d\u2019Iris au c\u0153ur du Jardin.\n\t\t\t\t<\/figcaption><\/figure><figure class='gallery-item'>\n\t\t\t<div class='gallery-icon landscape'>\n\t\t\t\t<a href='https:\/\/www.terramaris.fr\/paysage\/terramaris-paysage-ernest-renan-la-scene-1024x302\/'><img loading=\"lazy\" decoding=\"async\" width=\"150\" height=\"150\" src=\"https:\/\/www.terramaris.fr\/paysage\/wp-content\/uploads\/2015\/02\/terramaris-paysage-Ernest-Renan-la-scene-1024x302-150x150.jpg\" class=\"attachment-thumbnail size-thumbnail\" alt=\"Jardin Ernest Renan, l\u2019espace de la sc\u00e8ne et mise en valeur du b\u00e2tie environnant.\" aria-describedby=\"gallery-1-198\" \/><\/a>\n\t\t\t<\/div>\n\t\t\t\t<figcaption class='wp-caption-text gallery-caption' id='gallery-1-198'>\n\t\t\t\tJardin Ernest Renan, l\u2019espace de la sc\u00e8ne et mise en valeur du b\u00e2tie environnant.\n\t\t\t\t<\/figcaption><\/figure><figure class='gallery-item'>\n\t\t\t<div class='gallery-icon landscape'>\n\t\t\t\t<a href='https:\/\/www.terramaris.fr\/paysage\/terramaris-paysage-ernest-renan-oiseau2-1024x302\/'><img loading=\"lazy\" decoding=\"async\" width=\"150\" height=\"150\" src=\"https:\/\/www.terramaris.fr\/paysage\/wp-content\/uploads\/2015\/02\/terramaris-paysage-Ernest-Renan-oiseau2-1024x302-150x150.jpg\" class=\"attachment-thumbnail size-thumbnail\" alt=\"Jardin Ernest Renan, chardonneret dans le pommier, attir\u00e9 par les insectes nombreux \u00e0 venir visit\u00e9s les plates bandes de vivaces.\" aria-describedby=\"gallery-1-208\" \/><\/a>\n\t\t\t<\/div>\n\t\t\t\t<figcaption class='wp-caption-text gallery-caption' id='gallery-1-208'>\n\t\t\t\tJardin Ernest Renan, chardonneret dans le pommier, attir\u00e9 par les insectes nombreux \u00e0 venir visit\u00e9s les plates bandes de vivaces.\n\t\t\t\t<\/figcaption><\/figure><figure class='gallery-item'>\n\t\t\t<div class='gallery-icon landscape'>\n\t\t\t\t<a href='https:\/\/www.terramaris.fr\/paysage\/terramaris-paysage-ernest-renan-pano-9-1024x302\/'><img loading=\"lazy\" decoding=\"async\" width=\"150\" height=\"150\" src=\"https:\/\/www.terramaris.fr\/paysage\/wp-content\/uploads\/2015\/02\/terramaris-paysage-Ernest-Renan-Pano-9-1024x302-150x150.jpg\" class=\"attachment-thumbnail size-thumbnail\" alt=\"Jardin Ernest Renan, filtre d\u2019Iris et parterre de vivaces\" aria-describedby=\"gallery-1-214\" \/><\/a>\n\t\t\t<\/div>\n\t\t\t\t<figcaption class='wp-caption-text gallery-caption' id='gallery-1-214'>\n\t\t\t\tJardin Ernest Renan, filtre d\u2019Iris et parterre de vivaces\n\t\t\t\t<\/figcaption><\/figure><figure class='gallery-item'>\n\t\t\t<div class='gallery-icon landscape'>\n\t\t\t\t<a href='https:\/\/www.terramaris.fr\/paysage\/terramaris-paysage-ernest-renan-pano-12-1024x302\/'><img loading=\"lazy\" decoding=\"async\" width=\"150\" height=\"150\" src=\"https:\/\/www.terramaris.fr\/paysage\/wp-content\/uploads\/2015\/02\/terramaris-paysage-Ernest-Renan-Pano-12-1024x302-150x150.jpg\" class=\"attachment-thumbnail size-thumbnail\" alt=\"Jardin Ernest Renan, vue sur la Maison Ernest Renan, et le b\u00e2tie environnant.\" aria-describedby=\"gallery-1-220\" \/><\/a>\n\t\t\t<\/div>\n\t\t\t\t<figcaption class='wp-caption-text gallery-caption' id='gallery-1-220'>\n\t\t\t\tJardin Ernest Renan, vue sur la Maison Ernest Renan, et le b\u00e2tie environnant.\n\t\t\t\t<\/figcaption><\/figure><figure class='gallery-item'>\n\t\t\t<div class='gallery-icon landscape'>\n\t\t\t\t<a href='https:\/\/www.terramaris.fr\/paysage\/terramaris-paysage-ernest-renan-plan-couleur-1024x302\/'><img loading=\"lazy\" decoding=\"async\" width=\"150\" height=\"150\" src=\"https:\/\/www.terramaris.fr\/paysage\/wp-content\/uploads\/2015\/02\/terramaris-paysage-Ernest-Renan-plan-couleur-1024x302-150x150.jpg\" class=\"attachment-thumbnail size-thumbnail\" alt=\"Jardin Ernest Renan, successions d\u2019espaces, filet d\u2019eau et intimit\u00e9.\" aria-describedby=\"gallery-1-226\" \/><\/a>\n\t\t\t<\/div>\n\t\t\t\t<figcaption class='wp-caption-text gallery-caption' id='gallery-1-226'>\n\t\t\t\tJardin Ernest Renan, successions d\u2019espaces, filet d\u2019eau et intimit\u00e9.\n\t\t\t\t<\/figcaption><\/figure><figure class='gallery-item'>\n\t\t\t<div class='gallery-icon landscape'>\n\t\t\t\t<a href='https:\/\/www.terramaris.fr\/paysage\/terramaris-paysage-ernest-renan-plante-et-fontaine-1024x302\/'><img loading=\"lazy\" decoding=\"async\" width=\"150\" height=\"150\" src=\"https:\/\/www.terramaris.fr\/paysage\/wp-content\/uploads\/2015\/02\/terramaris-paysage-Ernest-Renan-plante-et-fontaine-1024x302-150x150.jpg\" class=\"attachment-thumbnail size-thumbnail\" alt=\"Jardin Ernest Renan, parterre de buis, Euphorbia x martinii, Allium christophi.\" aria-describedby=\"gallery-1-232\" \/><\/a>\n\t\t\t<\/div>\n\t\t\t\t<figcaption class='wp-caption-text gallery-caption' id='gallery-1-232'>\n\t\t\t\tJardin Ernest Renan, parterre de buis, Euphorbia x martinii, Allium christophi.\n\t\t\t\t<\/figcaption><\/figure><figure class='gallery-item'>\n\t\t\t<div class='gallery-icon landscape'>\n\t\t\t\t<a href='https:\/\/www.terramaris.fr\/paysage\/terramaris-paysage-ernest-renan-vue-sur-la-maison-1024x302\/'><img loading=\"lazy\" decoding=\"async\" width=\"150\" height=\"150\" src=\"https:\/\/www.terramaris.fr\/paysage\/wp-content\/uploads\/2015\/02\/terramaris-paysage-Ernest-Renan-vue-sur-la-maison-1024x302-150x150.jpg\" class=\"attachment-thumbnail size-thumbnail\" alt=\"Jardin Ernest Renan, vue sur la Maison Ernest Renan, et le b\u00e2tie environnant.\" aria-describedby=\"gallery-1-238\" \/><\/a>\n\t\t\t<\/div>\n\t\t\t\t<figcaption class='wp-caption-text gallery-caption' id='gallery-1-238'>\n\t\t\t\tJardin Ernest Renan, vue sur la Maison Ernest Renan, et le b\u00e2tie environnant.\n\t\t\t\t<\/figcaption><\/figure><figure class='gallery-item'>\n\t\t\t<div class='gallery-icon landscape'>\n\t\t\t\t<a href='https:\/\/www.terramaris.fr\/paysage\/terramaris-paysage-ernest-renan-vue-vers-le-banc-dhenriette-1024x302\/'><img loading=\"lazy\" decoding=\"async\" width=\"150\" height=\"150\" src=\"https:\/\/www.terramaris.fr\/paysage\/wp-content\/uploads\/2015\/02\/terramaris-paysage-Ernest-Renan-vue-vers-le-banc-dhenriette-1024x302-150x150.jpg\" class=\"attachment-thumbnail size-thumbnail\" alt=\"Jardin Ernest Renan, vue sur le banc d&#039;Henriette\" aria-describedby=\"gallery-1-244\" \/><\/a>\n\t\t\t<\/div>\n\t\t\t\t<figcaption class='wp-caption-text gallery-caption' id='gallery-1-244'>\n\t\t\t\tJardin Ernest Renan, vue sur le banc d&rsquo;Henriette\n\t\t\t\t<\/figcaption><\/figure><figure class='gallery-item'>\n\t\t\t<div class='gallery-icon landscape'>\n\t\t\t\t<a href='https:\/\/www.terramaris.fr\/paysage\/terramaris-paysage-yaudet-esquisse1-1024x302\/'><img loading=\"lazy\" decoding=\"async\" width=\"150\" height=\"150\" src=\"https:\/\/www.terramaris.fr\/paysage\/wp-content\/uploads\/2015\/02\/terramaris-paysage-Yaudet-esquisse1-1024x302-150x150.jpg\" class=\"attachment-thumbnail size-thumbnail\" alt=\"Site Yaudet, coupe en long sur l\u2019ensemble du projet.\" aria-describedby=\"gallery-1-309\" \/><\/a>\n\t\t\t<\/div>\n\t\t\t\t<figcaption class='wp-caption-text gallery-caption' id='gallery-1-309'>\n\t\t\t\tSite Yaudet,  coupe en long sur l\u2019ensemble du projet.\n\t\t\t\t<\/figcaption><\/figure><figure class='gallery-item'>\n\t\t\t<div class='gallery-icon landscape'>\n\t\t\t\t<a href='https:\/\/www.terramaris.fr\/paysage\/terramaris-paysage-yaudet-etat-1024x302\/'><img loading=\"lazy\" decoding=\"async\" width=\"150\" height=\"150\" src=\"https:\/\/www.terramaris.fr\/paysage\/wp-content\/uploads\/2015\/02\/terramaris-paysage-Yaudet-etat-1024x302-150x150.jpg\" class=\"attachment-thumbnail size-thumbnail\" alt=\"Esquisse Yaudet \u2013 Plan d\u2019esquisse du projet mise en valeur du site du Yaudet.\" aria-describedby=\"gallery-1-321\" \/><\/a>\n\t\t\t<\/div>\n\t\t\t\t<figcaption class='wp-caption-text gallery-caption' id='gallery-1-321'>\n\t\t\t\tEsquisse Yaudet \u2013 Plan d\u2019esquisse du projet mise en valeur du site du Yaudet.l\u2019emplacement du parking existant.\n\t\t\t\t<\/figcaption><\/figure><figure class='gallery-item'>\n\t\t\t<div class='gallery-icon landscape'>\n\t\t\t\t<a href='https:\/\/www.terramaris.fr\/paysage\/terramaris-paysage-yaudet-esquisse2-1024x302\/'><img loading=\"lazy\" decoding=\"async\" width=\"150\" height=\"150\" src=\"https:\/\/www.terramaris.fr\/paysage\/wp-content\/uploads\/2015\/02\/terramaris-paysage-Yaudet-esquisse2-1024x302-150x150.jpg\" class=\"attachment-thumbnail size-thumbnail\" alt=\"Esquisse Yaudet \u2013 Plan d\u2019esquisse du projet mise en valeur du site du Yaudet.\" aria-describedby=\"gallery-1-315\" \/><\/a>\n\t\t\t<\/div>\n\t\t\t\t<figcaption class='wp-caption-text gallery-caption' id='gallery-1-315'>\n\t\t\t\tEsquisse Yaudet \u2013 Plan d\u2019esquisse du projet mise en valeur du site du Yaudet.\n\t\t\t\t<\/figcaption><\/figure><figure class='gallery-item'>\n\t\t\t<div class='gallery-icon landscape'>\n\t\t\t\t<a href='https:\/\/www.terramaris.fr\/paysage\/terramaris-paysage-yaudet-panorama-1024x302\/'><img loading=\"lazy\" decoding=\"async\" width=\"150\" height=\"150\" src=\"https:\/\/www.terramaris.fr\/paysage\/wp-content\/uploads\/2015\/02\/terramaris-paysage-Yaudet-Panorama-1024x302-150x150.jpg\" class=\"attachment-thumbnail size-thumbnail\" alt=\"Panorama Yaudet, montage \u2013 projet d\u2019une pelouse d\u00e9gag\u00e9e au seuil de la chapelle \u00e0 la vierge couch\u00e9e sur l\u2019emplacement du parking existant.\" aria-describedby=\"gallery-1-331\" \/><\/a>\n\t\t\t<\/div>\n\t\t\t\t<figcaption class='wp-caption-text gallery-caption' id='gallery-1-331'>\n\t\t\t\tPanorama Yaudet, montage \u2013 projet d\u2019une pelouse d\u00e9gag\u00e9e au seuil de la chapelle \u00e0 la vierge couch\u00e9e sur l\u2019emplacement du parking existant.\n\t\t\t\t<\/figcaption><\/figure><figure class='gallery-item'>\n\t\t\t<div class='gallery-icon landscape'>\n\t\t\t\t<a href='https:\/\/www.terramaris.fr\/paysage\/terramaris-paysage-maroc-coupe-couleur-1024x302\/'><img loading=\"lazy\" decoding=\"async\" width=\"150\" height=\"150\" src=\"https:\/\/www.terramaris.fr\/paysage\/wp-content\/uploads\/2015\/02\/terramaris-paysage-Maroc-coupe-couleur-1024x302-150x150.jpg\" class=\"attachment-thumbnail size-thumbnail\" alt=\"Coupe couleur, Agadir Maroc. Paysage ombrag\u00e9 pour un quartier en devenir\" aria-describedby=\"gallery-1-295\" \/><\/a>\n\t\t\t<\/div>\n\t\t\t\t<figcaption class='wp-caption-text gallery-caption' id='gallery-1-295'>\n\t\t\t\tCoupe couleur, Agadir Maroc.\nPaysage ombrag\u00e9 pour un quartier en devenir\n\t\t\t\t<\/figcaption><\/figure><figure class='gallery-item'>\n\t\t\t<div class='gallery-icon landscape'>\n\t\t\t\t<a href='https:\/\/www.terramaris.fr\/paysage\/photo-chaumont-sur-loire-2-1024x260\/'><img loading=\"lazy\" decoding=\"async\" width=\"150\" height=\"150\" src=\"https:\/\/www.terramaris.fr\/paysage\/wp-content\/uploads\/2015\/02\/Photo-Chaumont-sur-loire-2-1024x260-150x150.jpg\" class=\"attachment-thumbnail size-thumbnail\" alt=\"Projet r\u00e9alis\u00e9 pour la 17e edition du festival des jardins de Chaumont-sur-Loire Th\u00e8me : \u00abdes jardins en partage\u00bb.\" aria-describedby=\"gallery-1-142\" \/><\/a>\n\t\t\t<\/div>\n\t\t\t\t<figcaption class='wp-caption-text gallery-caption' id='gallery-1-142'>\n\t\t\t\tFestival des jardins de Chaumont-sur-Loire\n\t\t\t\t<\/figcaption><\/figure>\n\t\t<\/div>\n\n","protected":false},"excerpt":{"rendered":"","protected":false},"author":1,"featured_media":0,"parent":0,"menu_order":0,"comment_status":"closed","ping_status":"closed","template":"","meta":{"footnotes":""},"class_list":["post-346","page","type-page","status-publish","hentry"],"_links":{"self":[{"href":"https:\/\/www.terramaris.fr\/paysage\/wp-json\/wp\/v2\/pages\/346","targetHints":{"allow":["GET"]}}],"collection":[{"href":"https:\/\/www.terramaris.fr\/paysage\/wp-json\/wp\/v2\/pages"}],"about":[{"href":"https:\/\/www.terramaris.fr\/paysage\/wp-json\/wp\/v2\/types\/page"}],"author":[{"embeddable":true,"href":"https:\/\/www.terramaris.fr\/paysage\/wp-json\/wp\/v2\/users\/1"}],"replies":[{"embeddable":true,"href":"https:\/\/www.terramaris.fr\/paysage\/wp-json\/wp\/v2\/comments?post=346"}],"version-history":[{"count":5,"href":"https:\/\/www.terramaris.fr\/paysage\/wp-json\/wp\/v2\/pages\/346\/revisions"}],"predecessor-version":[{"id":359,"href":"https:\/\/www.terramaris.fr\/paysage\/wp-json\/wp\/v2\/pages\/346\/revisions\/359"}],"wp:attachment":[{"href":"https:\/\/www.terramaris.fr\/paysage\/wp-json\/wp\/v2\/media?parent=346"}],"curies":[{"name":"wp","href":"https:\/\/api.w.org\/{rel}","templated":true}]}}