{"id":2,"date":"2015-02-10T08:29:25","date_gmt":"2015-02-10T08:29:25","guid":{"rendered":"http:\/\/www.terramaris.fr\/paysage\/?page_id=2"},"modified":"2015-02-26T13:12:05","modified_gmt":"2015-02-26T13:12:05","slug":"metier-paysagiste","status":"publish","type":"page","link":"https:\/\/www.terramaris.fr\/paysage\/metier-paysagiste\/","title":{"rendered":"Paysagiste"},"content":{"rendered":"<div id='gallery-1' class='gallery galleryid-2 gallery-columns-2 gallery-size-thumbnail'><figure class='gallery-item'>\n\t\t\t<div class='gallery-icon portrait'>\n\t\t\t\t<a href='https:\/\/www.terramaris.fr\/paysage\/terramaris-paysage-fond1-731x1024\/'><img loading=\"lazy\" decoding=\"async\" width=\"150\" height=\"150\" src=\"https:\/\/www.terramaris.fr\/paysage\/wp-content\/uploads\/2015\/02\/terramaris-paysage-fond1-731x1024-150x150.jpg\" class=\"attachment-thumbnail size-thumbnail\" alt=\"Fond Arbres sur berges 1- Moulin de Chaves, Dordogne printemps 2014\" aria-describedby=\"gallery-1-275\" \/><\/a>\n\t\t\t<\/div>\n\t\t\t\t<figcaption class='wp-caption-text gallery-caption' id='gallery-1-275'>\n\t\t\t\tFond Arbres sur berges 1- Moulin de Chaves, Dordogne printemps 2014\n\t\t\t\t<\/figcaption><\/figure><figure class='gallery-item'>\n\t\t\t<div class='gallery-icon portrait'>\n\t\t\t\t<a href='https:\/\/www.terramaris.fr\/paysage\/terramaris-paysage-arbres-sur-berge1\/'><img loading=\"lazy\" decoding=\"async\" width=\"150\" height=\"150\" src=\"https:\/\/www.terramaris.fr\/paysage\/wp-content\/uploads\/2015\/02\/terramaris-paysage-arbres-sur-berge1-150x150.jpg\" class=\"attachment-thumbnail size-thumbnail\" alt=\"Arbres sur berges 2- Moulin de Chaves, Dordogne printemps 2014\" aria-describedby=\"gallery-1-158\" \/><\/a>\n\t\t\t<\/div>\n\t\t\t\t<figcaption class='wp-caption-text gallery-caption' id='gallery-1-158'>\n\t\t\t\tArbres sur berges 2- Moulin de Chaves, Dordogne printemps 2014\n\t\t\t\t<\/figcaption><\/figure>\n\t\t<\/div>\n\n<h4>Ma vision du m\u00e9tier de paysagiste<\/h4>\n<blockquote><p><span style=\"font-size: 16px;\">La conception du paysage nous am\u00e8ne \u00e0 comprendre le mouvement vitale et singulier d\u2019un site. Au travers des projets de transformation d\u2019un espace, je cherche \u00e0 proposer une nouvelle dynamique d\u2019usage et de partage en communion avec le mouvement initiale et identitaire des lieux.<\/span><\/p><\/blockquote>\n<p><span style=\"font-size: 16px;\">La danse du paysage a sa part invisible car elle s\u2019installe dans l\u2019immensit\u00e9 du pass\u00e9 du pr\u00e9sent et du futur. La part visible du mouvement dans l\u2019instant nous indique l\u2019ampleur du r\u00eave. <\/span><\/p>\n<blockquote><p><span style=\"font-size: 16px;\">Comment susciter la sensation de danser avec le site,<br \/>\navec le temps, avec l\u2019immensit\u00e9\u00a0?<\/span><\/p><\/blockquote>\n","protected":false},"excerpt":{"rendered":"<p>Ma vision du m\u00e9tier de paysagiste La conception du paysage nous am\u00e8ne \u00e0 comprendre le mouvement vitale et singulier d\u2019un site. Au travers des projets de transformation d\u2019un espace, je cherche \u00e0 proposer une nouvelle dynamique d\u2019usage et de partage en communion avec le mouvement initiale et identitaire des lieux. La danse du paysage a &hellip; <a href=\"https:\/\/www.terramaris.fr\/paysage\/metier-paysagiste\/\" class=\"more-link\">Continuer la lecture de <span class=\"screen-reader-text\">Paysagiste<\/span>  <span class=\"meta-nav\">&rarr;<\/span><\/a><\/p>\n","protected":false},"author":1,"featured_media":152,"parent":0,"menu_order":0,"comment_status":"closed","ping_status":"closed","template":"","meta":{"footnotes":""},"class_list":["post-2","page","type-page","status-publish","has-post-thumbnail","hentry"],"_links":{"self":[{"href":"https:\/\/www.terramaris.fr\/paysage\/wp-json\/wp\/v2\/pages\/2","targetHints":{"allow":["GET"]}}],"collection":[{"href":"https:\/\/www.terramaris.fr\/paysage\/wp-json\/wp\/v2\/pages"}],"about":[{"href":"https:\/\/www.terramaris.fr\/paysage\/wp-json\/wp\/v2\/types\/page"}],"author":[{"embeddable":true,"href":"https:\/\/www.terramaris.fr\/paysage\/wp-json\/wp\/v2\/users\/1"}],"replies":[{"embeddable":true,"href":"https:\/\/www.terramaris.fr\/paysage\/wp-json\/wp\/v2\/comments?post=2"}],"version-history":[{"count":12,"href":"https:\/\/www.terramaris.fr\/paysage\/wp-json\/wp\/v2\/pages\/2\/revisions"}],"predecessor-version":[{"id":376,"href":"https:\/\/www.terramaris.fr\/paysage\/wp-json\/wp\/v2\/pages\/2\/revisions\/376"}],"wp:featuredmedia":[{"embeddable":true,"href":"https:\/\/www.terramaris.fr\/paysage\/wp-json\/wp\/v2\/media\/152"}],"wp:attachment":[{"href":"https:\/\/www.terramaris.fr\/paysage\/wp-json\/wp\/v2\/media?parent=2"}],"curies":[{"name":"wp","href":"https:\/\/api.w.org\/{rel}","templated":true}]}}